{"id":10,"date":"2023-02-15T17:50:11","date_gmt":"2023-02-15T20:50:11","guid":{"rendered":"https:\/\/pluginsds.com\/sites\/?page_id=10"},"modified":"2023-02-27T12:46:14","modified_gmt":"2023-02-27T15:46:14","slug":"todos-os-imoveis","status":"publish","type":"page","link":"https:\/\/jlcagencia.com\/sitedeimobiliaria\/todos-os-imoveis\/","title":{"rendered":"Todos os im\u00f3veis"},"content":{"rendered":"\t\t<div data-elementor-type=\"wp-page\" data-elementor-id=\"10\" class=\"elementor elementor-10\" data-elementor-post-type=\"page\">\n\t\t\t\t<div class=\"elementor-element elementor-element-6a3e1d8 e-flex e-con-boxed e-con e-parent\" data-id=\"6a3e1d8\" data-element_type=\"container\">\n\t\t\t\t\t<div class=\"e-con-inner\">\n\t\t<div class=\"elementor-element elementor-element-2baef4c e-con-full e-flex e-con e-child\" data-id=\"2baef4c\" data-element_type=\"container\" data-settings=\"{&quot;background_background&quot;:&quot;classic&quot;,&quot;sticky&quot;:&quot;top&quot;,&quot;sticky_on&quot;:[&quot;desktop&quot;],&quot;sticky_offset&quot;:10,&quot;sticky_parent&quot;:&quot;yes&quot;,&quot;sticky_effects_offset&quot;:0}\">\n\t\t\t\t<div class=\"elementor-element elementor-element-7a54396 jet-smart-filter-group-position-line jet-smart-filter-content-position-column jet-smart-filter-group-position-line jet-smart-filter-content-position-column elementor-widget elementor-widget-jet-smart-filters-select\" data-id=\"7a54396\" data-element_type=\"widget\" data-widget_type=\"jet-smart-filters-select.default\">\n\t\t\t\t<div class=\"elementor-widget-container\">\n\t\t\t<div class=\"jet-smart-filters-hierarchy jet-filter \" data-indexer-rule=\"show\" data-show-counter=\"\" data-change-counter=\"always\"><div class=\"jet-filters-group\"><div class=\"jet-select\" data-query-type=\"tax_query\" data-query-var=\"finalidade\" data-smart-filter=\"select\" data-filter-id=\"508\" data-apply-type=\"ajax\" data-content-provider=\"jet-engine\" data-additional-providers=\"\" data-query-id=\"todos\" data-active-label=\"Finalidade\" data-layout-options=\"{&quot;show_label&quot;:true,&quot;display_options&quot;:{&quot;show_items_label&quot;:false,&quot;show_decorator&quot;:false,&quot;filter_image_size&quot;:&quot;full&quot;,&quot;show_counter&quot;:false}}\" data-query-var-suffix=\"\" data-hierarchical=\"1\">\n\t<div class=\"jet-filter-label\">Finalidade<\/div>\n\n\t\n\t\t<select\n\t\t\tclass=\"jet-select__control depth-0\"\n\t\t\tname=\"finalidade\"\n\t\t\t\t\t>\n\t\t\t\t\t<option value=\"\">Selecionar...<\/option>\n\t\t\n\t\t\t\t\t<option\n\t\t\t\tvalue=\"21\"\n\t\t\t\tdata-label=\"Alugar\"\n\t\t\t\tdata-counter-prefix=\"\"\n\t\t\t\tdata-counter-suffix=\"\"\n\t\t\t\t\t\t\t>Alugar<\/option>\n\t\t\t\t\t\t<option\n\t\t\t\tvalue=\"20\"\n\t\t\t\tdata-label=\"Comprar\"\n\t\t\t\tdata-counter-prefix=\"\"\n\t\t\t\tdata-counter-suffix=\"\"\n\t\t\t\t\t\t\t>Comprar<\/option>\n\t\t\t<\/select>\n\n\t\n<\/div>\n<div class=\"jet-select\" data-query-type=\"tax_query\" data-query-var=\"tipo-de-imovel\" data-smart-filter=\"select\" data-filter-id=\"508\" data-apply-type=\"ajax\" data-content-provider=\"jet-engine\" data-additional-providers=\"\" data-query-id=\"todos\" data-active-label=\"Finalidade\" data-layout-options=\"{&quot;show_label&quot;:true,&quot;display_options&quot;:{&quot;show_items_label&quot;:false,&quot;show_decorator&quot;:false,&quot;filter_image_size&quot;:&quot;full&quot;,&quot;show_counter&quot;:false}}\" data-query-var-suffix=\"\" data-hierarchical=\"1\">\n\t<div class=\"jet-filter-label\">Tipo de Im\u00f3vel<\/div>\n\n\t\n\t\t<select\n\t\t\tclass=\"jet-select__control depth-1\"\n\t\t\tname=\"tipo-de-imovel\"\n\t\t\t\t\t>\n\t\t\t\t\t<option value=\"\">Selecionar...<\/option>\n\t\t\n\t\t<\/select>\n\n\t\n<\/div>\n<\/div><\/div>\t\t<\/div>\n\t\t\t\t<\/div>\n\t\t\t\t<div class=\"elementor-element elementor-element-796c8f6 jet-smart-filter-group-position-line elementor-widget-mobile__width-inherit jet-smart-filter-content-position-column elementor-widget elementor-widget-jet-smart-filters-select\" data-id=\"796c8f6\" data-element_type=\"widget\" data-widget_type=\"jet-smart-filters-select.default\">\n\t\t\t\t<div class=\"elementor-widget-container\">\n\t\t\t<div class=\"jet-smart-filters-select jet-filter \" data-indexer-rule=\"show\" data-show-counter=\"\" data-change-counter=\"always\"><div class=\"jet-filter-label\">Bairro<\/div>\n<div class=\"jet-select\" data-query-type=\"tax_query\" data-query-var=\"bairro\" data-smart-filter=\"select\" data-filter-id=\"513\" data-apply-type=\"ajax\" data-content-provider=\"jet-engine\" data-additional-providers=\"\" data-query-id=\"todos\" data-active-label=\"\" data-layout-options=\"{&quot;show_label&quot;:true,&quot;display_options&quot;:{&quot;show_items_label&quot;:false,&quot;show_decorator&quot;:false,&quot;filter_image_size&quot;:&quot;full&quot;,&quot;show_counter&quot;:false}}\" data-query-var-suffix=\"\">\n\t\n\t\n\t\t<select\n\t\t\tclass=\"jet-select__control\"\n\t\t\tname=\"bairro\"\n\t\t\t\t\t>\n\t\t\n\t\t\t\t\t<option\n\t\t\t\tvalue=\"\"\n\t\t\t\tdata-label=\"Selecionar...\"\n\t\t\t\tdata-counter-prefix=\"\"\n\t\t\t\tdata-counter-suffix=\"\"\n\t\t\t\t\t\t\t>Selecionar...<\/option>\n\t\t\t\t\t\t<option\n\t\t\t\tvalue=\"14\"\n\t\t\t\tdata-label=\"Centro\"\n\t\t\t\tdata-counter-prefix=\"\"\n\t\t\t\tdata-counter-suffix=\"\"\n\t\t\t\t\t\t\t>Centro<\/option>\n\t\t\t\t\t\t<option\n\t\t\t\tvalue=\"16\"\n\t\t\t\tdata-label=\"Fundinho\"\n\t\t\t\tdata-counter-prefix=\"\"\n\t\t\t\tdata-counter-suffix=\"\"\n\t\t\t\t\t\t\t>Fundinho<\/option>\n\t\t\t\t\t\t<option\n\t\t\t\tvalue=\"15\"\n\t\t\t\tdata-label=\"Morada da Colina\"\n\t\t\t\tdata-counter-prefix=\"\"\n\t\t\t\tdata-counter-suffix=\"\"\n\t\t\t\t\t\t\t>Morada da Colina<\/option>\n\t\t\t\t\t\t<option\n\t\t\t\tvalue=\"19\"\n\t\t\t\tdata-label=\"Patrim\u00f4nio\"\n\t\t\t\tdata-counter-prefix=\"\"\n\t\t\t\tdata-counter-suffix=\"\"\n\t\t\t\t\t\t\t>Patrim\u00f4nio<\/option>\n\t\t\t\t\t\t<option\n\t\t\t\tvalue=\"18\"\n\t\t\t\tdata-label=\"Santa M\u00f4nica\"\n\t\t\t\tdata-counter-prefix=\"\"\n\t\t\t\tdata-counter-suffix=\"\"\n\t\t\t\t\t\t\t>Santa M\u00f4nica<\/option>\n\t\t\t<\/select>\n\n\t\n<\/div>\n<\/div>\t\t<\/div>\n\t\t\t\t<\/div>\n\t\t\t\t<div class=\"elementor-element elementor-element-73fbfdb jet-smart-filter-group-position-line elementor-widget-mobile__width-inherit jet-smart-filter-content-position-column elementor-widget elementor-widget-jet-smart-filters-select\" data-id=\"73fbfdb\" data-element_type=\"widget\" data-widget_type=\"jet-smart-filters-select.default\">\n\t\t\t\t<div class=\"elementor-widget-container\">\n\t\t\t<div class=\"jet-smart-filters-select jet-filter \" data-indexer-rule=\"show\" data-show-counter=\"\" data-change-counter=\"always\"><div class=\"jet-filter-label\">Banheiros<\/div>\n<div class=\"jet-select\" data-query-type=\"meta_query\" data-query-var=\"banheiros\" data-smart-filter=\"select\" data-filter-id=\"518\" data-apply-type=\"ajax\" data-content-provider=\"jet-engine\" data-additional-providers=\"\" data-query-id=\"default\" data-active-label=\"\" data-layout-options=\"{&quot;show_label&quot;:true,&quot;display_options&quot;:{&quot;show_items_label&quot;:false,&quot;show_decorator&quot;:false,&quot;filter_image_size&quot;:&quot;full&quot;,&quot;show_counter&quot;:false}}\" data-query-var-suffix=\"compare-exists\">\n\t\n\t\n\t\t<select\n\t\t\tclass=\"jet-select__control\"\n\t\t\tname=\"banheiros\"\n\t\t\t\t\t>\n\t\t\n\t\t\t\t\t<option\n\t\t\t\tvalue=\"\"\n\t\t\t\tdata-label=\"Selecionar...\"\n\t\t\t\tdata-counter-prefix=\"\"\n\t\t\t\tdata-counter-suffix=\"\"\n\t\t\t\t\t\t\t>Selecionar...<\/option>\n\t\t\t\t\t\t<option\n\t\t\t\tvalue=\"0\"\n\t\t\t\tdata-label=\"Nenhum\"\n\t\t\t\tdata-counter-prefix=\"\"\n\t\t\t\tdata-counter-suffix=\"\"\n\t\t\t\t\t\t\t>Nenhum<\/option>\n\t\t\t\t\t\t<option\n\t\t\t\tvalue=\"1\"\n\t\t\t\tdata-label=\"1\"\n\t\t\t\tdata-counter-prefix=\"\"\n\t\t\t\tdata-counter-suffix=\"\"\n\t\t\t\t\t\t\t>1<\/option>\n\t\t\t\t\t\t<option\n\t\t\t\tvalue=\"2\"\n\t\t\t\tdata-label=\"2\"\n\t\t\t\tdata-counter-prefix=\"\"\n\t\t\t\tdata-counter-suffix=\"\"\n\t\t\t\t\t\t\t>2<\/option>\n\t\t\t\t\t\t<option\n\t\t\t\tvalue=\"3\"\n\t\t\t\tdata-label=\"3\"\n\t\t\t\tdata-counter-prefix=\"\"\n\t\t\t\tdata-counter-suffix=\"\"\n\t\t\t\t\t\t\t>3<\/option>\n\t\t\t\t\t\t<option\n\t\t\t\tvalue=\"4\"\n\t\t\t\tdata-label=\"4 ou mais\"\n\t\t\t\tdata-counter-prefix=\"\"\n\t\t\t\tdata-counter-suffix=\"\"\n\t\t\t\t\t\t\t>4 ou mais<\/option>\n\t\t\t<\/select>\n\n\t\n<\/div>\n<\/div>\t\t<\/div>\n\t\t\t\t<\/div>\n\t\t\t\t<div class=\"elementor-element elementor-element-127610c jet-smart-filter-group-position-line jet-smart-filter-content-position-column elementor-widget elementor-widget-jet-smart-filters-select\" data-id=\"127610c\" data-element_type=\"widget\" data-widget_type=\"jet-smart-filters-select.default\">\n\t\t\t\t<div class=\"elementor-widget-container\">\n\t\t\t<div class=\"jet-smart-filters-select jet-filter \" data-indexer-rule=\"show\" data-show-counter=\"\" data-change-counter=\"always\"><div class=\"jet-filter-label\">Quartos<\/div>\n<div class=\"jet-select\" data-query-type=\"meta_query\" data-query-var=\"quartos\" data-smart-filter=\"select\" data-filter-id=\"522\" data-apply-type=\"ajax\" data-content-provider=\"\" data-additional-providers=\"\" data-query-id=\"todos\" data-active-label=\"\" data-layout-options=\"{&quot;show_label&quot;:true,&quot;display_options&quot;:{&quot;show_items_label&quot;:false,&quot;show_decorator&quot;:false,&quot;filter_image_size&quot;:&quot;full&quot;,&quot;show_counter&quot;:false}}\" data-query-var-suffix=\"compare-exists\">\n\t\n\t\n\t\t<select\n\t\t\tclass=\"jet-select__control\"\n\t\t\tname=\"quartos\"\n\t\t\t\t\t>\n\t\t\n\t\t\t\t\t<option\n\t\t\t\tvalue=\"\"\n\t\t\t\tdata-label=\"Selecionar...\"\n\t\t\t\tdata-counter-prefix=\"\"\n\t\t\t\tdata-counter-suffix=\"\"\n\t\t\t\t\t\t\t>Selecionar...<\/option>\n\t\t\t\t\t\t<option\n\t\t\t\tvalue=\"0\"\n\t\t\t\tdata-label=\"Nenhum\"\n\t\t\t\tdata-counter-prefix=\"\"\n\t\t\t\tdata-counter-suffix=\"\"\n\t\t\t\t\t\t\t>Nenhum<\/option>\n\t\t\t\t\t\t<option\n\t\t\t\tvalue=\"1\"\n\t\t\t\tdata-label=\"1\"\n\t\t\t\tdata-counter-prefix=\"\"\n\t\t\t\tdata-counter-suffix=\"\"\n\t\t\t\t\t\t\t>1<\/option>\n\t\t\t\t\t\t<option\n\t\t\t\tvalue=\"2\"\n\t\t\t\tdata-label=\"2\"\n\t\t\t\tdata-counter-prefix=\"\"\n\t\t\t\tdata-counter-suffix=\"\"\n\t\t\t\t\t\t\t>2<\/option>\n\t\t\t\t\t\t<option\n\t\t\t\tvalue=\"3\"\n\t\t\t\tdata-label=\"3\"\n\t\t\t\tdata-counter-prefix=\"\"\n\t\t\t\tdata-counter-suffix=\"\"\n\t\t\t\t\t\t\t>3<\/option>\n\t\t\t\t\t\t<option\n\t\t\t\tvalue=\"4\"\n\t\t\t\tdata-label=\"4 ou mais\"\n\t\t\t\tdata-counter-prefix=\"\"\n\t\t\t\tdata-counter-suffix=\"\"\n\t\t\t\t\t\t\t>4 ou mais<\/option>\n\t\t\t<\/select>\n\n\t\n<\/div>\n<\/div>\t\t<\/div>\n\t\t\t\t<\/div>\n\t\t\t\t<div class=\"elementor-element elementor-element-c36f3bf elementor-widget elementor-widget-jet-smart-filters-range\" data-id=\"c36f3bf\" data-element_type=\"widget\" data-widget_type=\"jet-smart-filters-range.default\">\n\t\t\t\t<div class=\"elementor-widget-container\">\n\t\t\t<div class=\"jet-smart-filters-range jet-filter \" data-indexer-rule=\"show\" data-show-counter=\"\" data-change-counter=\"always\"><div class=\"jet-filter-label\">Filtrar por Pre\u00e7o<\/div>\n\n<div class=\"jet-range\" data-query-type=\"meta_query\" data-query-var=\"preco\" data-smart-filter=\"range\" data-filter-id=\"526\" data-apply-type=\"ajax\" data-content-provider=\"jet-engine\" data-additional-providers=\"\" data-query-id=\"todos\" data-active-label=\"\" data-layout-options=\"{&quot;show_label&quot;:true,&quot;display_options&quot;:{&quot;show_items_label&quot;:false,&quot;show_decorator&quot;:false,&quot;filter_image_size&quot;:&quot;full&quot;,&quot;show_counter&quot;:false}}\" data-query-var-suffix=\"range\" data-format=\"{&quot;decimal_num&quot;:2,&quot;decimal_sep&quot;:&quot;,&quot;,&quot;thousands_sep&quot;:&quot;.&quot;}\">\n\t<div class=\"jet-range__slider\">\n\t\t<div class=\"jet-range__slider__track\">\n\t\t\t<div class=\"jet-range__slider__track__range\"><\/div>\n\t\t<\/div>\n\t\t<input type=\"range\" class=\"jet-range__slider__input jet-range__slider__input--min\" step=\"100\" min=\"650\" max=\"1000050\" value=\"650\" >\n\t\t<input type=\"range\" class=\"jet-range__slider__input jet-range__slider__input--max\" step=\"100\" min=\"650\" max=\"1000050\" value=\"1000050\" >\n\t<\/div>\n\t\t<div class=\"jet-range__values\">\n\t\t<span class=\"jet-range__values-prefix\">R$<\/span><span class=\"jet-range__values-min\">650,00<\/span><span class=\"jet-range__values-suffix\">,00<\/span> \u2014 <span class=\"jet-range__values-prefix\">R$<\/span><span class=\"jet-range__values-max\">1.000.050,00<\/span><span class=\"jet-range__values-suffix\">,00<\/span>\n\t<\/div>\n\t<\/div><\/div>\t\t<\/div>\n\t\t\t\t<\/div>\n\t\t\t\t<div class=\"elementor-element elementor-element-c631b67 elementor-widget elementor-widget-jet-smart-filters-apply-button\" data-id=\"c631b67\" data-element_type=\"widget\" data-widget_type=\"jet-smart-filters-apply-button.default\">\n\t\t\t\t<div class=\"elementor-widget-container\">\n\t\t\t<div class=\"jet-smart-filters-apply-button jet-filter\"><div class=\"apply-filters\"  data-content-provider=\"jet-engine\" data-query-id=\"todos\" data-additional-providers=\"\" data-apply-type=\"ajax\" data-redirect=\"\">\n\t<button\n\t\ttype=\"button\"\n\t\tclass=\"apply-filters__button\"\n\t\t\t>FILTRAR<\/button>\n<\/div><\/div>\t\t<\/div>\n\t\t\t\t<\/div>\n\t\t\t\t<div class=\"elementor-element elementor-element-ad6ea81 elementor-widget elementor-widget-jet-smart-filters-search\" data-id=\"ad6ea81\" data-element_type=\"widget\" data-widget_type=\"jet-smart-filters-search.default\">\n\t\t\t\t<div class=\"elementor-widget-container\">\n\t\t\t<div class=\"jet-smart-filters-search jet-filter\"><div class=\"jet-search-filter button-icon-position-left\" data-query-type=\"meta_query\" data-query-var=\"codigo-do-imovel\" data-smart-filter=\"search\" data-filter-id=\"530\" data-apply-type=\"ajax-ontyping\" data-content-provider=\"jet-engine\" data-additional-providers=\"\" data-query-id=\"todos\" data-active-label=\"\" data-layout-options=\"{&quot;show_label&quot;:&quot;&quot;,&quot;display_options&quot;:[]}\" data-query-var-suffix=\"search\" data-min-letters-count=\"3\">\n\t<div class=\"jet-search-filter__input-wrapper\">\n\t\t<input\n\t\t\tclass=\"jet-search-filter__input\"\n\t\t\ttype=\"search\"\n\t\t\tautocomplete=\"off\"\n\t\t\tname=\"codigo-do-imovel\"\n\t\t\tvalue=\"\"\n\t\t\tplaceholder=\"Insira o C\u00f3digo\"\n\t\t\t\t\t>\n\t\t\t\t\t<div class=\"jet-search-filter__input-clear\"><\/div>\n\t\t\t<div class=\"jet-search-filter__input-loading\"><\/div>\n\t\t\t<\/div>\n\t<\/div>\n<\/div>\t\t<\/div>\n\t\t\t\t<\/div>\n\t\t\t\t<div class=\"elementor-element elementor-element-a32a917 elementor-widget elementor-widget-jet-smart-filters-remove-filters hide-widget\" data-id=\"a32a917\" data-element_type=\"widget\" data-widget_type=\"jet-smart-filters-remove-filters.default\">\n\t\t\t\t<div class=\"elementor-widget-container\">\n\t\t\t<div class=\"jet-smart-filters-remove-filters jet-filter\"><div class=\"jet-remove-all-filters hide\">\n\t<button\n\t\ttype=\"button\"\n\t\tclass=\"jet-remove-all-filters__button\"\n\t\tdata-content-provider=\"jet-engine\"\n\t\tdata-additional-providers=\"\"\n\t\tdata-apply-type=\"reload\"\n\t\tdata-query-id=\"todos\"\n\t\t\t>\n\t\tLIMPAR FILTROS\t<\/button>\n<\/div><\/div>\t\t<\/div>\n\t\t\t\t<\/div>\n\t\t\t\t<\/div>\n\t\t<div class=\"elementor-element elementor-element-fe8a277 e-con-full e-flex e-con e-child\" data-id=\"fe8a277\" data-element_type=\"container\">\n\t\t\t\t<div class=\"elementor-element elementor-element-2ed590c elementor-widget elementor-widget-jet-listing-grid\" data-id=\"2ed590c\" data-element_type=\"widget\" id=\"todos\" data-settings=\"{&quot;columns&quot;:&quot;2&quot;,&quot;columns_mobile&quot;:&quot;1&quot;}\" data-widget_type=\"jet-listing-grid.default\">\n\t\t\t\t<div class=\"elementor-widget-container\">\n\t\t\t<div class=\"jet-listing-grid jet-listing-grid--lazy-load jet-listing jet-listing-grid-loading\" data-lazy-load=\"{&quot;offset&quot;:&quot;0px&quot;,&quot;post_id&quot;:10,&quot;queried_id&quot;:&quot;10|WP_Post&quot;}\"><div class=\"jet-listing-grid__loader\"><div class=\"jet-listing-grid__loader-spinner\"><\/div><\/div><\/div>\t\t<\/div>\n\t\t\t\t<\/div>\n\t\t\t\t<\/div>\n\t\t\t\t\t<\/div>\n\t\t\t\t<\/div>\n\t\t\t\t<\/div>\n\t\t","protected":false},"excerpt":{"rendered":"<p>Finalidade Selecionar&#8230;AlugarComprar Tipo de Im\u00f3vel Selecionar&#8230; Bairro Selecionar&#8230;CentroFundinhoMorada da ColinaPatrim\u00f4nioSanta M\u00f4nica Banheiros Selecionar&#8230;Nenhum1234 ou mais Quartos Selecionar&#8230;Nenhum1234 ou mais Filtrar por Pre\u00e7o R$650,00,00 \u2014 R$1.000.050,00,00 FILTRAR LIMPAR FILTROS<\/p>\n","protected":false},"author":2,"featured_media":0,"parent":0,"menu_order":0,"comment_status":"closed","ping_status":"closed","template":"elementor_header_footer","meta":{"footnotes":""},"_links":{"self":[{"href":"https:\/\/jlcagencia.com\/sitedeimobiliaria\/wp-json\/wp\/v2\/pages\/10"}],"collection":[{"href":"https:\/\/jlcagencia.com\/sitedeimobiliaria\/wp-json\/wp\/v2\/pages"}],"about":[{"href":"https:\/\/jlcagencia.com\/sitedeimobiliaria\/wp-json\/wp\/v2\/types\/page"}],"author":[{"embeddable":true,"href":"https:\/\/jlcagencia.com\/sitedeimobiliaria\/wp-json\/wp\/v2\/users\/2"}],"replies":[{"embeddable":true,"href":"https:\/\/jlcagencia.com\/sitedeimobiliaria\/wp-json\/wp\/v2\/comments?post=10"}],"version-history":[{"count":0,"href":"https:\/\/jlcagencia.com\/sitedeimobiliaria\/wp-json\/wp\/v2\/pages\/10\/revisions"}],"wp:attachment":[{"href":"https:\/\/jlcagencia.com\/sitedeimobiliaria\/wp-json\/wp\/v2\/media?parent=10"}],"curies":[{"name":"wp","href":"https:\/\/api.w.org\/{rel}","templated":true}]}}